{"id":1033,"date":"2012-04-25T13:50:39","date_gmt":"2012-04-25T12:50:39","guid":{"rendered":"http:\/\/stonawski.efantastyka.pl\/?page_id=1033"},"modified":"2017-12-07T16:27:57","modified_gmt":"2017-12-07T15:27:57","slug":"publicystyka","status":"publish","type":"page","link":"http:\/\/stonawski.efantastyka.pl\/blog\/index.php\/teksty\/publicystyka\/","title":{"rendered":"Publicystyka"},"content":{"rendered":"<p><strong>Publicystyka lu\u017ana:<\/strong><\/p>\n<ol>\n<li><strong>Wojna z gigantem<\/strong>\u00a0\u2013 Artyku\u0142 w 34 nr.<a href=\"http:\/\/grabarz.net\/count.php?id=34\">\u00a0Grabarza Polskiego<\/a><\/li>\n<li><strong>A wi\u0119c to Tw\u00f3j pierwszy konwent&#8230;? &#8211;\u00a0<\/strong>Poradnik dla nowych na\u00a0<a href=\"http:\/\/rsquad.org\/krakon\/a-wiec-to-twoj-pierwszy-konwent\/\">oficjalnej stronie Krakonu<\/a>.<\/li>\n<li><strong>Polityka to nie moja bran\u017ca<\/strong>\u00a0&#8211; Wywiad z Andrzejem Sapkowskim,\u00a0<a href=\"http:\/\/facet.interia.pl\/meskie-tematy\/news-sapkowski-polityka-to-nie-moja-branza,nId,1048148#pst67098743\">interia.pl<\/a><\/li>\n<li><strong>D\u0142uga doga do debiutu &#8211;\u00a0<\/strong>Artyku\u0142 na forum\u00a0<a href=\"http:\/\/forum.opowiastki.eu\/viewtopic.php?f=8&amp;t=35\"><strong>Opowiastki.eu<\/strong><\/a><\/li>\n<li><strong>Na co komu Grabi\u0144ski? Czyli rzecz o polskiej grozy przebudzeniu. &#8211;\u00a0<\/strong>Pismo &#8222;Horror Masakra&#8221; Nr. 2\/2013<\/li>\n<li><strong>Matrix dla opornych\u00a0<\/strong>&#8211; Artyku\u0142 w\u00a0<a href=\"http:\/\/best.ue.wroc.pl\/?p=8567\"><strong>gazecie student\u00f3w<\/strong><\/a>\u00a0Uniwersytetu Ekonomicznego we Wroc\u0142awiu, podpisany moim imieniem i nazwiskiem po\u00a0<a href=\"http:\/\/stonawski.efantastyka.pl\/blog\/index.php\/2013\/12\/o-tym-jak-radzic-sobie-z-kradzieza\/\"><strong>splagiatowaniu<\/strong><\/a>\u00a0go przez (by\u0142ego) redaktora pisma.<\/li>\n<li><strong>Sen uwagi Wi\u015bniewskiego-Snerga<\/strong> &#8211; Artyku\u0142 w pi\u015bmie Elewator nr. 20 (2\/2017)<\/li>\n<\/ol>\n<p><strong>Portal polskagroza.pl\/lubiegroze.pl<\/strong><\/p>\n<p>&#8211; cz\u0119\u015b\u0107 felieton\u00f3w przepad\u0142a z powodu wy\u0142\u0105czenia pg.pl bez uprzedzenia przez osob\u0119, do kt\u00f3rej nale\u017ca\u0142 serwer.<\/p>\n<ol>\n<li>Grozobicie #1<\/li>\n<li><strong><a href=\"http:\/\/www.lubiegroze.pl\/felietony\/grozobicie-2-ideologii-precz\/\">Grozobicie #2 &#8211; Ideologii precz<\/a><\/strong><\/li>\n<li>Grozobicie #3 &#8211; Bo nagroda by\u0142a za s\u0142ona<\/li>\n<li><strong><a href=\"http:\/\/stonawski.efantastyka.pl\/blog\/index.php\/2015\/10\/fantastyka-a-fantasy-o-gatunkow-rozroznianiu\/\">Grozobicie #4 &#8211; Fantastyka a fantasy. O gatunkach rozr\u00f3\u017cnianiu.\u00a0<\/a><\/strong><\/li>\n<li><strong><a href=\"http:\/\/www.lubiegroze.pl\/felietony\/grozobicie-5\/\">\u00a0Grozobicie #5\u00a0<\/a><\/strong><\/li>\n<li>Grozobicie #6 &#8211; O podzia\u0142ach wewn\u0105trz \u015brodowiska<\/li>\n<li><strong><a href=\"http:\/\/www.lubiegroze.pl\/felietony\/grozobicie7\/\">Grozobicie #7 &#8211; Ch\u00f3w wsobny<\/a><\/strong><\/li>\n<li><strong><a href=\"http:\/\/www.lubiegroze.pl\/felietony\/grozobicie-8-6-powodow-dla-ktorych-nie-warto-czytac-grozy\/\">Grozobicie #8 &#8211; 7 powod\u00f3w dla kt\u00f3rych nie warto czyta\u0107 grozy<\/a><\/strong><\/li>\n<li><strong><a href=\"http:\/\/www.lubiegroze.pl\/felietony\/grozobicie-9-klatwa-nagrod-plebiscytowych\/\">Grozobicie #9 &#8211; Kl\u0105twa nagr\u00f3d plebiscytowych<\/a><\/strong><\/li>\n<li><strong><a href=\"http:\/\/www.lubiegroze.pl\/felietony\/grozobicie-10-jak-zaczac-czytac-ksiazki-grozy\/\">Grozobicie #10 &#8211; Jak zacz\u0105\u0107 czyta\u0107 ksi\u0105\u017cki grozy?<\/a><\/strong><\/li>\n<li><strong><a href=\"http:\/\/www.lubiegroze.pl\/artykuly\/guniastonawski-ideologia-w-literaturze-cz-1\/\">Gunia\/Stonawski &#8211; Ideologia w literaturze cz1<\/a><\/strong><\/li>\n<li><strong><a href=\"http:\/\/www.lubiegroze.pl\/artykuly\/guniastonawski-ideologia-w-literaturze-cz-2\/\">Gunia\/Stonawski &#8211; Ideologia w literaturze cz.2<\/a><\/strong><\/li>\n<li><strong><a href=\"http:\/\/www.lubiegroze.pl\/felietony\/grozobicie-11-wsobny-renesans-grozy\/\">Grozobicie #11 &#8211; Wsobny renesans grozy<\/a><\/strong><\/li>\n<li><strong><a href=\"http:\/\/www.lubiegroze.pl\/artykuly\/wampiry-potwory-upiory-sylwii-blach\/\">&#8222;Wampiry, potwory, upiory&#8221; Sylwii B\u0142ach &#8211; recenzja<\/a><\/strong><\/li>\n<li><strong><a href=\"http:\/\/www.lubiegroze.pl\/artykuly\/wywiady\/maciej-szymczak-czytelnicy-sami-nie-przyjda-trzeba-im-wyjsc-na-przeciw\/\">\u201eCzytelnicy sami nie przyjd\u0105, trzeba im wyj\u015b\u0107 naprzeciw\u201d &#8211; wywiad z Ma\u0107kiem Szymczakiem.<\/a><\/strong><\/li>\n<li>\u00a0<strong><a href=\"http:\/\/www.lubiegroze.pl\/artykuly\/wywiady\/agata-suchocka-w-grupie-15-miliarda-czytelnikow-znajda-sie-odbiorcy-kazdego-horroru\/\">\u201eW grupie 1,5 miliarda czytelnik\u00f3w znajd\u0105 si\u0119 odbiorcy ka\u017cdego horroru\u201d &#8211; wywiad z Agat\u0105 Suchock\u0105\u00a0<\/a><\/strong><\/li>\n<li><strong><a href=\"http:\/\/www.lubiegroze.pl\/artykuly\/5-pisarzy-ktorych-nalezy-wykluczyc\/\">5 pisarzy, kt\u00f3rych nale\u017cy wykluczy\u0107\u00a0<\/a><\/strong><\/li>\n<\/ol>\n<p>&nbsp;<\/p>\n<p><strong>Portal Dzika Banda<\/strong><\/p>\n<ul>\n<li><strong>Demony z nawiedzonych dom\u00f3w<\/strong> &#8211; Artyku\u0142 na portalu <strong><a href=\"http:\/\/www.dzikabanda.pl\/demony-z-nawiedzonych-domow\/\">Dzikabanda.pl<\/a>\u00a0<\/strong>przedruk na<strong> <a href=\"http:\/\/film.onet.pl\/artykuly-i-wywiady\/demony-z-nawiedzonych-domow\/4rbrn\">Onet.pl<\/a><\/strong><\/li>\n<li><strong>Rammstein, ogon i kanibale<\/strong> &#8211; Artyku\u0142 na portalu <a href=\"http:\/\/www.dzikabanda.pl\/rammstein-ogon-i-kanibale\/\"><strong>Dzikabanda.pl<\/strong><\/a><\/li>\n<li><strong>FreakShow: Edward Mordake<\/strong> &#8211; Artyku\u0142 na portalu <strong><a href=\"http:\/\/www.dzikabanda.pl\/freak-show-edward-mordake\/\">Dzikabanda.pl<\/a><\/strong><\/li>\n<li><strong>FreakShow: Blanche Dumas<\/strong> &#8211; Artyku\u0142 na portalu <a href=\"http:\/\/dzikabanda.pl\/wieksze-kawalki,5\/freak-show-blanche-dumas,3300.html\"><strong>Dzikabanda.pl\u00a0<\/strong><\/a><\/li>\n<li><strong>FreakShow: Annie Jones<\/strong> &#8211; Artyku\u0142 na portalu <a href=\"http:\/\/www.dzikabanda.pl\/freak-show-annie-jones\/\"><strong>Dzikabanda.pl\u00a0<\/strong><\/a><\/li>\n<li><strong>FreakShow: Schlitzie<\/strong> &#8211; Artyku\u0142 na portalu <a href=\"http:\/\/www.dzikabanda.pl\/freak-show-schlitzie\/\"><strong>Dzikabanda.pl<\/strong><\/a><\/li>\n<li><strong>FreakShow: Rosie Siggins<\/strong> &#8211; Artyku\u0142 na portalu <a href=\"http:\/\/dzikabanda.pl\/wieksze-kawalki,5\/freak-show-rose-siggins,3386.html\"><strong>Dzikabanda.pl<\/strong><\/a><\/li>\n<li><strong>FreakShow: Niezwyk\u0142a Baby Ruth<\/strong> &#8211; Artyku\u0142 na portalu <a href=\"http:\/\/www.dzikabanda.pl\/freak-show-niezwykla-baby-ruth\/\"><strong>Dzikabanda.pl<\/strong><\/a><\/li>\n<li><strong>Everest: Najwy\u017cszy gr\u00f3b \u015bwiata<\/strong> &#8211; Artyku\u0142 na portalu <strong><a href=\"http:\/\/www.dzikabanda.pl\/wieksze-kawalki\/teksty\/everest-najwyzszy-grob-swiata\/\">Dzikabanda.pl<\/a><\/strong><\/li>\n<li><strong>Halifax &#8211; najwi\u0119ksza eksplozja w dziejach<\/strong> &#8211; Artyku\u0142 na portalu <strong><a href=\"http:\/\/dzikabanda.pl\/teksty\/wieksze-kawalki\/halifax-najwieksza-eksplozja-w-dziejach\/\">Dzikabanda.pl<\/a><\/strong><\/li>\n<\/ul>\n<p><strong>Portal Enklawa Network <\/strong><\/p>\n<ul>\n<li><strong><a href=\"http:\/\/enklawanetwork.pl\/error.php?code=404&amp;address=http:\/\/news.enklawanetwork.pl\/konwenty\/confuzja\/2009\/relacja\"><strong>Confuzja 2009 -Krak\u00f3w <\/strong><\/a><\/strong><\/li>\n<li><strong><a href=\"http:\/\/literatura.enklawanetwork.pl\/trudicanavan\/gildiamagow\/recenzja\" target=\"_blank\">Recenzja ,,Gildia Mag\u00f3w\u201d \u2013 Trudi Canavan<\/a><\/strong><\/li>\n<li><strong><a href=\"http:\/\/literatura.enklawanetwork.pl\/trudicanavan\/nowicjuszka\/recenzja\" target=\"_blank\">Recenzja ,, Nowicjuszka\u201d -Trudi Canavan<\/a><\/strong><\/li>\n<li><a href=\"http:\/\/literatura.enklawanetwork.pl\/trudicanavan\/wielkimistrz\/recenzja\" target=\"_blank\"><strong>Recenzja ,,Wielki Mistrz\u201d-Trudi Canavan <\/strong><\/a><\/li>\n<li><a href=\"http:\/\/literatura.enklawanetwork.pl\/adamzalewski\/bialawiedzma\/recenzja\" target=\"_blank\"><strong>Recenzja ,,Bia\u0142a Wied\u017ama\u201d \u2013 Adam Zalewski<\/strong><\/a><\/li>\n<li><a href=\"http:\/\/literatura.enklawanetwork.pl\/publicystyka\/wywiady\/wywiad-z-polskim-pisarzem-adamem-zalewskim-maj-2009\/\"><strong>Wywiad z Adamem Zalewskim<\/strong><\/a><\/li>\n<li><a href=\"http:\/\/literatura.enklawanetwork.pl\/johneverson\/demoniczneprzymierze\/recenzja\" target=\"_blank\"><strong>Recenzja ,,Demoniczne Przymierze\u201d \u2013 John Everson <\/strong><\/a><\/li>\n<li><a href=\"http:\/\/literatura.enklawanetwork.pl\/zofiastaniszewska\/czarownicazradosnej\/recenzja\" target=\"_blank\"><strong>Recenzja ..Czarownica z Radosnej\u201d \u2013 Zofia Staniszewska <\/strong><\/a><\/li>\n<li><a href=\"http:\/\/literatura.enklawanetwork.pl\/petervbrett\/malowanyczlowiek1\/recenzja\" target=\"_blank\"><strong>Recenzja ,, Malowany Cz\u0142owiek\u201d \u2013 Peter V. Brett <\/strong><\/a><\/li>\n<li><a href=\"http:\/\/literatura.enklawanetwork.pl\/adamzalewski\/rowerzysta\/recenzja\" target=\"_blank\"><strong>Recenzja ,, Rowerzysta\u201d \u2013 Adam Zalewski<\/strong><\/a><\/li>\n<li><a href=\"http:\/\/literatura.enklawanetwork.pl\/trudicanavan\/uczennicamaga\/recenzja\" target=\"_blank\"><strong>Recenzja ,,Uczennica Maga\u201d \u2013 Trudi Canavan<\/strong><\/a><\/li>\n<li><a href=\"http:\/\/literatura.enklawanetwork.pl\/adamzalewski\/cienznadjeziora\/recenzja\" target=\"_blank\"><strong>Recenzja ,,Cie\u0144 znad jeziora\u201d \u2013 Adam Zalewski<\/strong><\/a><\/li>\n<li><a href=\"http:\/\/literatura.enklawanetwork.pl\/seanstewart\/kragdoskonaly\/recenzja\" target=\"_blank\"><strong>Recenzja ,,Kr\u0105g doskona\u0142y\u201d \u2013 Sean Stewart<\/strong><\/a><\/li>\n<li><a href=\"http:\/\/literatura.enklawanetwork.pl\/amelienothomb\/higienamordercy\/recenzja\" target=\"_blank\"><strong>Recenzja ,, Higiena mordercy\u201d \u2013 Amelie Nothomb <\/strong><\/a><\/li>\n<li><a href=\"http:\/\/literatura.enklawanetwork.pl\/robertcichowlas\/twarzeszatana\/recenzja\" target=\"_blank\"><strong>Recenzja ,,Twarze Szatana\u201d \u2013 Robert Cichowlas &amp; Kazimierz Kyrcz Jr. <\/strong><\/a><\/li>\n<li><a href=\"http:\/\/literatura.enklawanetwork.pl\/robertcichowlas\/siedlisko\/recenzja\" target=\"_blank\"><strong>Recenzja ,,Siedlisko\u201d \u2013 Robert Cichowlas &amp; Kazimierz Kyrcz Jr. <\/strong><\/a><\/li>\n<li><strong><a href=\"http:\/\/literatura.enklawanetwork.pl\/antologie\/city1antologiapolskichopowiadangrozy\/recenzja\" target=\"_blank\">Recenzja ,,City1\u2033 \u2013 Antologia polskich opowiada\u0144 grozy<\/a><\/strong><\/li>\n<li><strong><a href=\"http:\/\/literatura.enklawanetwork.pl\/robertcichowlas\/koszmarnamiare\/recenzja\" target=\"_blank\">Recenzja ,,Koszmar na miar\u0119\u201d \u2013 Robert Cichowlas &amp; Kazimierz Kyrcz Jr.<\/a><\/strong><\/li>\n<li><strong><a href=\"http:\/\/literatura.enklawanetwork.pl\/krzysztoftdabrowski\/animavilis\/recenzja\" target=\"_blank\">Recenzja ,,Anima Vilis\u201d \u2013 Krzysztof T. D\u0105browski<\/a><\/strong><\/li>\n<li><strong><a href=\"http:\/\/literatura.enklawanetwork.pl\/adamzalewski\/szescrazysmierc\/recenzja\" target=\"_blank\">Recenzja ,,Sze\u015b\u0107 razy \u015bmier\u0107\u201d \u2013 Adam Zalewski<\/a><\/strong><\/li>\n<li><a href=\"http:\/\/literatura.enklawanetwork.pl\/majalidiakossakowska\/zbieraczburz2\/recenzja\" target=\"_blank\"><strong>Recenzja ,,Zbieracz Burz t2\u2033 \u2013 Maja Lidia Kossakowska <\/strong><\/a><\/li>\n<\/ul>\n<p><strong> Portal kwartalnika QFANT<\/strong><\/p>\n<ul>\n<li><a href=\"http:\/\/www.qfant.pl\/index.php?option=com_k2&amp;view=item&amp;id=1692:graham-masterton-%E2%80%9Ezakl%C4%99ci%E2%80%9D\"><strong>Recenzja ,,Zakl\u0119ci\u201d Graham Masterton <\/strong><\/a><\/li>\n<li><strong><a href=\"http:\/\/qfant.pl\/index.php?option=com_k2&amp;view=item&amp;id=1904:z%C5%82e-rzeczy-si%C4%99-zdarzaj%C4%85-%E2%80%93-konkurs\">Konkurs ,,Z\u0142e rzeczy si\u0119 zdarzaj\u0105\u201d<\/a><br \/>\n<\/strong><\/li>\n<li><strong><a href=\"http:\/\/www.qfant.pl\/index.php?option=com_k2&amp;view=item&amp;id=1956%3Astephen-king-%E2%80%9Emroczna-wie%C5%BCa%E2%80%9D-narodziny-rewolwerowca\">Recenzja ,,Narodziny Rewolwerowca\u201d S.King, Marvell<br \/>\n<\/a><\/strong><\/li>\n<li><strong><a href=\"http:\/\/qfant.pl\/index.php?option=com_k2&amp;view=item&amp;id=1961:\">Konkurs ,,Z\u0142e rzeczy si\u0119 zdarzaj\u0105\u201d \u2013 wyniki<br \/>\n<\/a><\/strong><\/li>\n<li><strong><a href=\"http:\/\/www.qfant.pl\/index.php?option=com_k2&amp;view=item&amp;id=2004:harlan-coben-%E2%80%9Enajczarniejszy-strach%E2%80%9D\">Recenzja ,,Najczarniejszy strach\u201d Harlan Coben<\/a><\/strong><\/li>\n<li><strong><a href=\"http:\/\/www.qfant.pl\/index.php?option=com_k2&amp;view=item&amp;id=2025:stephen-king-%E2%80%9Emroczna-wie%C5%BCa-d%C5%82uga-droga-do-domu%E2%80%9D\">Recenzja ,,D\u0142uga droga do domu\u201d S.King, Marvell<\/a><\/strong><\/li>\n<li><strong><a href=\"http:\/\/www.qfant.pl\/index.php?option=com_k2&amp;view=item&amp;id=2161:anne-holt\">Recenzja ,,Materialista\u201d Anne Holt<\/a><\/strong><\/li>\n<li><strong><a href=\"http:\/\/www.qfant.pl\/index.php?option=com_k2&amp;view=item&amp;id=2375:david-shermandan-cragg-%E2%80%9Estarfist-pierwsi-w-boju%E2%80%9D\">Recenzja ,,Starfist: Pierwsi w boju\u201d David Sherman&amp;Dan Cragg<\/a><\/strong><\/li>\n<li><strong><a href=\"http:\/\/qfant.pl\/index.php?option=com_k2&amp;view=item&amp;id=2586:marcin-wolski-%E2%80%9Ewilk-w-owczarni%E2%80%9D\">Recenzja ,,Wilk w owczarni\u201d Marcin Wolski<\/a><\/strong><\/li>\n<li><a href=\"http:\/\/qfant.pl\/index.php?option=com_k2&amp;view=item&amp;id=2670:adam-zalewski-%E2%80%9Egrizzly%E2%80%9D-#2\"><strong>Recenzja ,,Grizzly\u201d Adam Zalewski<\/strong><\/a><\/li>\n<li><a href=\"http:\/\/qfant.pl\/index.php?option=com_k2&amp;view=item&amp;id=2671:robert-cichowlas-kazimierz-kyrcz-jr-%E2%80%9Eefemeryda%E2%80%9D\"><strong>Recenzja ,,Efemeryda\u201d Robert Cichowlas &amp; Kazimierz Kyrcz Jr.<\/strong><\/a><\/li>\n<li><strong><a href=\"http:\/\/www.qfant.pl\/index.php?option=com_k2&amp;view=item&amp;id=2870:z-pami%C4%99tnika-fantasty-%E2%80%93-relacja-z-grojkonu-2011\">Relacja: Grojkon (1)<\/a><\/strong><\/li>\n<li><a href=\"http:\/\/www.qfant.pl\/index.php?option=com_k2&amp;view=item&amp;id=2881%3Az-pami%C4%99tnika-fantasty-%E2%80%93-relacja-z-grojkonu-2011-cz-2\"><strong>Relacja: Grojkon (2)<\/strong><\/a><\/li>\n<li><a href=\"http:\/\/www.qfant.pl\/index.php?option=com_k2&amp;view=item&amp;id=3932:marcin-wolski-%E2%80%9Edoktor-styks%E2%80%9D\"><strong>Recenzja ,,Doktor Styks\u201d Marcin Wolski<\/strong><\/a><\/li>\n<li><a href=\"http:\/\/www.qfant.pl\/index.php?option=com_k2&amp;view=item&amp;id=3938:j-d-bujak-%E2%80%9Espadek%E2%80%9D\"><strong>Recenzja ,,Spadek\u201d J. D. Bujak<\/strong><\/a><\/li>\n<li><a href=\"http:\/\/www.qfant.pl\/index.php?option=com_k2&amp;view=item&amp;id=4045:piotr-sender-%E2%80%9Eb%C3%B3g-nosi-dres%E2%80%9D\"><strong>Recenzja ,,B\u00f3g nosi dres\u201d Piotr Sender<\/strong><\/a><\/li>\n<li><a href=\"http:\/\/www.qfant.pl\/index.php?option=com_k2&amp;view=item&amp;id=4193:wywiad-z-kazimierzem-kyrczem-jr-i-dawidem-kainem\"><strong>Wywiad z Kazimierzem Kyrczem Jr. i Dawidem Kainem<\/strong><\/a><\/li>\n<li><a href=\"http:\/\/www.qfant.pl\/index.php?option=com_k2&amp;view=item&amp;id=4430:kazimierz-kyrcz-jr-%C5%82ukasz-radecki-%E2%80%9Elek-na-l%C4%99k%E2%80%9D\"><strong>Recenzja ,,Lek na L\u0119k\u201d Kazimierz Kyrcz &amp; \u0141ukasz Radecki<\/strong><\/a><\/li>\n<li><strong><a href=\"http:\/\/www.qfant.pl\/index.php?option=com_k2&amp;view=item&amp;id=4429:antologia-%E2%80%9Ejest-legend%C4%85%E2%80%9D\">Recenzja ,,Jest Legend\u0105\u201d \u2013 Antologia<\/a><\/strong><\/li>\n<li><a href=\"http:\/\/www.qfant.pl\/index.php?option=com_k2&amp;view=item&amp;id=4424:praca-zbiorowa-antologia-%E2%80%9E15-blizn%E2%80%9D\"><strong>Recenzja ,,15 blizn\u201d \u2013 Antologia<\/strong><\/a><\/li>\n<li><a href=\"http:\/\/www.qfant.pl\/index.php?option=com_k2&amp;view=item&amp;id=4476:krzysztof-maciejewski-%E2%80%9Eosiem%E2%80%9D\"><strong>Recenzja ,,Osiem\u201d \u2013 Krzysztof Maciejewski<\/strong><\/a><\/li>\n<\/ul>\n<p><strong>Portal Efantastyka.pl<\/strong><\/p>\n<ul>\n<li><a href=\"http:\/\/efantastyka.pl\/art_odrodzenie-ziemi-orson-scott-card\"><strong>Recenzja &#8222;Odrodzenie Ziemi&#8221; Orson Scott Card<\/strong><\/a><\/li>\n<li><a href=\"http:\/\/efantastyka.pl\/art_luzne-mysli-o-fandomu-polskiego-przyszlosci\"><strong>Felieton &#8222;Lu\u017ane my\u015bli o fandomu polskiego przysz\u0142o\u015bci&#8221;<\/strong><\/a><\/li>\n<li><strong><a href=\"http:\/\/www.efantastyka.pl\/art_punkt-wyjscia-dawid-kain\">Recenzja &#8222;Punkt Wyj\u015bcia&#8221; Dawid Kain<\/a><\/strong><\/li>\n<li><strong><a href=\"http:\/\/efantastyka.pl\/art_science-fiction-antologia\">Recenzja &#8222;Science Fiction&#8221; (Antologia Powergraph)<\/a><\/strong><\/li>\n<li><strong><a href=\"http:\/\/efantastyka.pl\/art_ja-debiutant-michal-stonawski\">Ja, Debiutant &#8211; Micha\u0142 Stonawski<\/a><\/strong><\/li>\n<li><strong><a href=\"http:\/\/efantastyka.pl\/art_silentium-universi-dariusz-domagalski\">Recenzja &#8222;Silentium Universi&#8221; Dariusz Domagalski\u00a0<\/a><\/strong><\/li>\n<li><strong><a href=\"http:\/\/efantastyka.pl\/art_inwazja-michail-achmanow\">Recenzja &#8222;Inwazja&#8221; Michai\u0142 Achmanow<\/a><\/strong><\/li>\n<li><strong><a href=\"http:\/\/efantastyka.pl\/art_za-progiem-grobu-andrzej-ziemianski\">Recenzja &#8222;Za progiem grobu&#8221; Andrzej Ziemia\u0144ski<\/a><\/strong><\/li>\n<li><strong><a href=\"http:\/\/efantastyka.pl\/art_male-miasteczko-adam-zalewski\">Recenzja &#8222;Ma\u0142e miasteczko&#8221; Adam Zalewski<\/a><\/strong><\/li>\n<li><a href=\"http:\/\/efantastyka.pl\/podwojna-petla\"><strong>Recenzja &#8222;Podw\u00f3jna P\u0119tla&#8221; Kazimierz Kyrcz Jr.\u00a0<\/strong><\/a><\/li>\n<\/ul>\n<p><strong>RadioRP. fm<\/strong><\/p>\n<ul>\n<li><strong><a href=\"http:\/\/radiorp.fm\/index.php\/artyzm\/artyzm\/literatura\/760-polacy-nie-gesi-wlasne-ksiazki-maja\">Polacy nie g\u0119si, w\u0142asne ksi\u0105\u017cki maj\u0105<\/a><\/strong><\/li>\n<li><strong><a href=\"http:\/\/radiorp.fm\/index.php\/rozrywka\/rozrywka\/muzyka\/933-identity-ma-w-sobie-ogien\">&#8222;IDENTITY&#8221; ma w sobie ogie\u0144!<\/a><\/strong><\/li>\n<\/ul>\n<p><strong><span style=\"line-height: 24px;\">Waszportal.pl:<\/span><\/strong><\/p>\n<ul>\n<li><a href=\"http:\/\/waszportal.pl\/kategorie\/wasze-rozrywki\/film\/214-hobbit-%E2%80%93-na-gor%C4%85co-nie-polecam\"><strong>Hobbit: Nie polecam<\/strong><\/a><\/li>\n<li><strong><a href=\"http:\/\/waszportal.pl\/kategorie\/wasze-rozrywki\/muzyka\/216-radio-stonawski\">Radio Stonawski<\/a><\/strong><\/li>\n<li><strong><a href=\"http:\/\/waszportal.pl\/info\/z-kraju\/opinie\/215-aborcja,-by-%C5%BCy%C5%82o-si%C4%99-lepiej\">Aborcja, by \u017cy\u0142o si\u0119 lepiej<\/a><\/strong><\/li>\n<li><a href=\"http:\/\/waszportal.pl\/info\/z-kraju\/opinie\/250-wielka-sztuka-tworzy%C4%87-sztuk%C4%99\"><strong>Wielka Sztuka tworzy\u0107 sztuk\u0119<\/strong><\/a><\/li>\n<li><strong><a href=\"http:\/\/waszportal.pl\/kategorie\/wasze-info\/technologia\/287-pogadanka-naukowa-1-%E2%80%93-jeste%C5%9B-hologramem\">Pogadanka Naukowa#1 &#8211; Jeste\u015b Hologramem<\/a><\/strong><\/li>\n<li><strong><a href=\"http:\/\/waszportal.pl\/kategorie\/wasze-zdrowie\/styl-zycia\/286-recenzja-inwazja-michai%C5%82-achmanow\">Pogadanka Naukowa #2 &#8211; W sieci Nienawi\u015bci<\/a><\/strong><\/li>\n<\/ul>\n<p>&nbsp;<\/p>\n","protected":false},"excerpt":{"rendered":"<p>Publicystyka lu\u017ana: Wojna z gigantem\u00a0\u2013 Artyku\u0142 w 34 nr.\u00a0Grabarza Polskiego A wi\u0119c to Tw\u00f3j pierwszy konwent&#8230;? &#8211;\u00a0Poradnik dla nowych na\u00a0oficjalnej stronie Krakonu. Polityka to nie moja bran\u017ca\u00a0&#8211; Wywiad z Andrzejem Sapkowskim,\u00a0interia.pl D\u0142uga doga do debiutu &#8211;\u00a0Artyku\u0142 na forum\u00a0Opowiastki.eu Na co komu Grabi\u0144ski? Czyli rzecz o polskiej grozy przebudzeniu. &#8211;\u00a0Pismo &#8222;Horror Masakra&#8221; Nr. 2\/2013 Matrix dla opornych\u00a0&#8211; Artyku\u0142 w\u00a0gazecie student\u00f3w\u00a0Uniwersytetu Ekonomicznego we Wroc\u0142awiu, podpisany moim imieniem i nazwiskiem po\u00a0splagiatowaniu\u00a0go przez (by\u0142ego) redaktora pisma. Sen uwagi Wi\u015bniewskiego-Snerga &#8211; Artyku\u0142 w pi\u015bmie Elewator nr. 20 (2\/2017) Portal polskagroza.pl\/lubiegroze.pl &#8211; cz\u0119\u015b\u0107 felieton\u00f3w przepad\u0142a z powodu wy\u0142\u0105czenia pg.pl bez uprzedzenia przez osob\u0119, do kt\u00f3rej nale\u017ca\u0142 serwer. Grozobicie #1 Grozobicie #2 &#8211; Ideologii precz Grozobicie #3 &#8211; Bo nagroda by\u0142a za s\u0142ona Grozobicie #4 &#8211; Fantastyka a fantasy. O gatunkach rozr\u00f3\u017cnianiu.\u00a0 \u00a0Grozobicie #5\u00a0 Grozobicie #6 &#8211; O podzia\u0142ach wewn\u0105trz \u015brodowiska Grozobicie #7 &#8211; Ch\u00f3w wsobny Grozobicie #8 &#8211; 7 powod\u00f3w dla kt\u00f3rych nie warto czyta\u0107 grozy Grozobicie #9 &#8211; Kl\u0105twa nagr\u00f3d plebiscytowych Grozobicie #10 &#8211; Jak zacz\u0105\u0107 czyta\u0107 ksi\u0105\u017cki grozy? Gunia\/Stonawski &#8211; Ideologia w literaturze cz1 Gunia\/Stonawski &#8211; Ideologia w literaturze cz.2 Grozobicie #11 &#8211; Wsobny renesans grozy &#8222;Wampiry, potwory, upiory&#8221; Sylwii B\u0142ach &#8211; recenzja \u201eCzytelnicy sami nie przyjd\u0105, trzeba im wyj\u015b\u0107 naprzeciw\u201d &#8211; wywiad z Ma\u0107kiem Szymczakiem. \u00a0\u201eW grupie 1,5 miliarda czytelnik\u00f3w znajd\u0105 si\u0119 odbiorcy ka\u017cdego horroru\u201d &#8211; wywiad z Agat\u0105 Suchock\u0105\u00a0 5 pisarzy, kt\u00f3rych nale\u017cy wykluczy\u0107\u00a0 &nbsp; Portal Dzika Banda Demony z nawiedzonych dom\u00f3w &#8211; Artyku\u0142 na portalu Dzikabanda.pl\u00a0przedruk na Onet.pl Rammstein, ogon i kanibale &#8211; Artyku\u0142 na portalu Dzikabanda.pl FreakShow: Edward Mordake &#8211; Artyku\u0142 na portalu Dzikabanda.pl FreakShow: Blanche Dumas &#8211; Artyku\u0142 na portalu Dzikabanda.pl\u00a0 FreakShow: Annie Jones &#8211; Artyku\u0142 na portalu Dzikabanda.pl\u00a0 FreakShow: Schlitzie &#8211; Artyku\u0142 na portalu Dzikabanda.pl FreakShow: Rosie Siggins &#8211; Artyku\u0142 na portalu Dzikabanda.pl FreakShow: Niezwyk\u0142a Baby Ruth &#8211; Artyku\u0142 na portalu Dzikabanda.pl Everest: Najwy\u017cszy gr\u00f3b \u015bwiata &#8211; Artyku\u0142 na portalu Dzikabanda.pl Halifax &#8211; najwi\u0119ksza eksplozja w dziejach &#8211; Artyku\u0142 na portalu Dzikabanda.pl Portal Enklawa Network Confuzja 2009 -Krak\u00f3w Recenzja ,,Gildia Mag\u00f3w\u201d \u2013 Trudi Canavan Recenzja ,, Nowicjuszka\u201d -Trudi Canavan Recenzja ,,Wielki Mistrz\u201d-Trudi Canavan Recenzja ,,Bia\u0142a Wied\u017ama\u201d \u2013 Adam Zalewski Wywiad z Adamem Zalewskim Recenzja ,,Demoniczne Przymierze\u201d \u2013 John Everson Recenzja ..Czarownica z Radosnej\u201d \u2013 Zofia Staniszewska Recenzja ,, Malowany Cz\u0142owiek\u201d \u2013 Peter V. Brett Recenzja ,, Rowerzysta\u201d \u2013 Adam Zalewski Recenzja ,,Uczennica Maga\u201d \u2013 Trudi Canavan Recenzja ,,Cie\u0144 znad jeziora\u201d \u2013 Adam Zalewski Recenzja ,,Kr\u0105g doskona\u0142y\u201d \u2013 Sean Stewart Recenzja ,, Higiena mordercy\u201d \u2013 Amelie Nothomb Recenzja ,,Twarze Szatana\u201d \u2013 Robert Cichowlas &amp; Kazimierz Kyrcz Jr. Recenzja ,,Siedlisko\u201d \u2013 Robert Cichowlas &amp; Kazimierz Kyrcz Jr. Recenzja ,,City1\u2033 \u2013 Antologia polskich opowiada\u0144 grozy Recenzja ,,Koszmar na miar\u0119\u201d \u2013 Robert Cichowlas &amp; Kazimierz Kyrcz Jr. Recenzja ,,Anima Vilis\u201d \u2013 Krzysztof T. D\u0105browski Recenzja ,,Sze\u015b\u0107 razy \u015bmier\u0107\u201d \u2013 Adam Zalewski Recenzja ,,Zbieracz Burz t2\u2033 \u2013 Maja Lidia Kossakowska Portal kwartalnika QFANT Recenzja ,,Zakl\u0119ci\u201d Graham Masterton Konkurs ,,Z\u0142e rzeczy si\u0119 zdarzaj\u0105\u201d Recenzja ,,Narodziny Rewolwerowca\u201d S.King, Marvell Konkurs ,,Z\u0142e rzeczy si\u0119 zdarzaj\u0105\u201d \u2013 wyniki Recenzja ,,Najczarniejszy strach\u201d Harlan Coben Recenzja ,,D\u0142uga droga do domu\u201d S.King, Marvell Recenzja ,,Materialista\u201d Anne Holt Recenzja ,,Starfist: Pierwsi w boju\u201d David Sherman&amp;Dan Cragg Recenzja ,,Wilk w owczarni\u201d Marcin Wolski Recenzja ,,Grizzly\u201d Adam Zalewski Recenzja ,,Efemeryda\u201d Robert Cichowlas &amp; Kazimierz Kyrcz Jr. Relacja: Grojkon (1) Relacja: Grojkon (2) Recenzja ,,Doktor Styks\u201d Marcin Wolski Recenzja ,,Spadek\u201d J. D. Bujak Recenzja ,,B\u00f3g nosi dres\u201d Piotr Sender Wywiad z Kazimierzem Kyrczem Jr. i Dawidem Kainem Recenzja ,,Lek na L\u0119k\u201d Kazimierz Kyrcz &amp; \u0141ukasz Radecki Recenzja ,,Jest Legend\u0105\u201d \u2013 Antologia Recenzja ,,15 blizn\u201d \u2013 Antologia Recenzja ,,Osiem\u201d \u2013 Krzysztof Maciejewski Portal Efantastyka.pl Recenzja &#8222;Odrodzenie Ziemi&#8221; Orson Scott Card Felieton &#8222;Lu\u017ane my\u015bli o fandomu polskiego przysz\u0142o\u015bci&#8221; Recenzja &#8222;Punkt Wyj\u015bcia&#8221; Dawid Kain Recenzja &#8222;Science Fiction&#8221; (Antologia Powergraph) Ja, Debiutant &#8211; Micha\u0142 Stonawski Recenzja &#8222;Silentium Universi&#8221; Dariusz Domagalski\u00a0 Recenzja &#8222;Inwazja&#8221; Michai\u0142 Achmanow Recenzja &#8222;Za progiem grobu&#8221; Andrzej Ziemia\u0144ski Recenzja &#8222;Ma\u0142e miasteczko&#8221; Adam Zalewski Recenzja &#8222;Podw\u00f3jna P\u0119tla&#8221; Kazimierz Kyrcz Jr.\u00a0 RadioRP. fm Polacy nie g\u0119si, w\u0142asne ksi\u0105\u017cki maj\u0105 &#8222;IDENTITY&#8221; ma w sobie ogie\u0144! Waszportal.pl: Hobbit: Nie polecam Radio Stonawski Aborcja, by \u017cy\u0142o si\u0119 lepiej Wielka Sztuka tworzy\u0107 sztuk\u0119 Pogadanka Naukowa#1 &#8211; Jeste\u015b Hologramem Pogadanka Naukowa #2 &#8211; W sieci Nienawi\u015bci &nbsp;<\/p>\n","protected":false},"author":1,"featured_media":0,"parent":34,"menu_order":0,"comment_status":"open","ping_status":"open","template":"","meta":[],"_links":{"self":[{"href":"http:\/\/stonawski.efantastyka.pl\/blog\/index.php\/wp-json\/wp\/v2\/pages\/1033"}],"collection":[{"href":"http:\/\/stonawski.efantastyka.pl\/blog\/index.php\/wp-json\/wp\/v2\/pages"}],"about":[{"href":"http:\/\/stonawski.efantastyka.pl\/blog\/index.php\/wp-json\/wp\/v2\/types\/page"}],"author":[{"embeddable":true,"href":"http:\/\/stonawski.efantastyka.pl\/blog\/index.php\/wp-json\/wp\/v2\/users\/1"}],"replies":[{"embeddable":true,"href":"http:\/\/stonawski.efantastyka.pl\/blog\/index.php\/wp-json\/wp\/v2\/comments?post=1033"}],"version-history":[{"count":40,"href":"http:\/\/stonawski.efantastyka.pl\/blog\/index.php\/wp-json\/wp\/v2\/pages\/1033\/revisions"}],"predecessor-version":[{"id":2991,"href":"http:\/\/stonawski.efantastyka.pl\/blog\/index.php\/wp-json\/wp\/v2\/pages\/1033\/revisions\/2991"}],"up":[{"embeddable":true,"href":"http:\/\/stonawski.efantastyka.pl\/blog\/index.php\/wp-json\/wp\/v2\/pages\/34"}],"wp:attachment":[{"href":"http:\/\/stonawski.efantastyka.pl\/blog\/index.php\/wp-json\/wp\/v2\/media?parent=1033"}],"curies":[{"name":"wp","href":"https:\/\/api.w.org\/{rel}","templated":true}]}}